{"id":1486,"date":"2026-03-18T14:22:44","date_gmt":"2026-03-18T14:22:44","guid":{"rendered":"https:\/\/rikstvatt.se\/bengtsfors\/?page_id=1486"},"modified":"2026-04-15T12:24:33","modified_gmt":"2026-04-15T12:24:33","slug":"jobba-hos-oss","status":"publish","type":"page","link":"https:\/\/rikstvatt.se\/bengtsfors\/jobba-hos-oss\/","title":{"rendered":"Jobba hos oss"},"content":{"rendered":"\n<div class=\"wp-block-media-text is-stacked-on-mobile is-image-fill-element\" style=\"grid-template-columns:41% auto\"><figure class=\"wp-block-media-text__media\"><img loading=\"lazy\" decoding=\"async\" width=\"683\" height=\"1024\" src=\"https:\/\/rikstvatt.se\/bengtsfors\/wp-content\/uploads\/sites\/5\/2025\/06\/jonnelle-yankovich-EIpzTB1BpS8-unsplash-683x1024.jpg\" alt=\"\" class=\"wp-image-2302 size-full\" style=\"object-position:79% 6%\" srcset=\"https:\/\/rikstvatt.se\/bengtsfors\/wp-content\/uploads\/sites\/5\/2025\/06\/jonnelle-yankovich-EIpzTB1BpS8-unsplash-683x1024.jpg 683w, https:\/\/rikstvatt.se\/bengtsfors\/wp-content\/uploads\/sites\/5\/2025\/06\/jonnelle-yankovich-EIpzTB1BpS8-unsplash-200x300.jpg 200w, https:\/\/rikstvatt.se\/bengtsfors\/wp-content\/uploads\/sites\/5\/2025\/06\/jonnelle-yankovich-EIpzTB1BpS8-unsplash-768x1152.jpg 768w, https:\/\/rikstvatt.se\/bengtsfors\/wp-content\/uploads\/sites\/5\/2025\/06\/jonnelle-yankovich-EIpzTB1BpS8-unsplash-1024x1536.jpg 1024w, https:\/\/rikstvatt.se\/bengtsfors\/wp-content\/uploads\/sites\/5\/2025\/06\/jonnelle-yankovich-EIpzTB1BpS8-unsplash-1365x2048.jpg 1365w, https:\/\/rikstvatt.se\/bengtsfors\/wp-content\/uploads\/sites\/5\/2025\/06\/jonnelle-yankovich-EIpzTB1BpS8-unsplash-50x75.jpg 50w, https:\/\/rikstvatt.se\/bengtsfors\/wp-content\/uploads\/sites\/5\/2025\/06\/jonnelle-yankovich-EIpzTB1BpS8-unsplash-480x720.jpg 480w, https:\/\/rikstvatt.se\/bengtsfors\/wp-content\/uploads\/sites\/5\/2025\/06\/jonnelle-yankovich-EIpzTB1BpS8-unsplash-scaled.jpg 1707w\" sizes=\"auto, (max-width:767px) 480px, 683px\" \/><\/figure><div class=\"wp-block-media-text__content\">\n<h2 class=\"wp-block-heading\">Spontanans\u00f6kan<\/h2>\n\n\n\n<p>Vad roligt att du \u00e4r intresserad av att arbeta hos oss p\u00e5 Rikstv\u00e4tt Bengtsfors! N\u00e4r du har l\u00e4mnat in din ans\u00f6kan bekr\u00e4ftar vi den och kontaktar dig om en passande tj\u00e4nst dyker upp.<\/p>\n\n\n\n<h5 class=\"wp-block-heading\">Skicka CV och personligt brev till:<\/h5>\n\n\n\n<p>hr.bengtsfors@rikstvatt.se<\/p>\n<\/div><\/div>\n\n\n\n<p><\/p>\n","protected":false},"excerpt":{"rendered":"<p>Spontanans\u00f6kan Vad roligt att du \u00e4r intresserad av att arbeta hos oss p\u00e5 Rikstv\u00e4tt Bengtsfors! N\u00e4r du har<span class=\"excerpt-hellip\"> [\u2026]<\/span><\/p>\n","protected":false},"author":1,"featured_media":0,"parent":0,"menu_order":0,"comment_status":"closed","ping_status":"open","template":"","meta":{"wds_primary_groups":0,"footnotes":""},"class_list":["post-1486","page","type-page","status-publish","hentry"],"_links":{"self":[{"href":"https:\/\/rikstvatt.se\/bengtsfors\/wp-json\/wp\/v2\/pages\/1486","targetHints":{"allow":["GET"]}}],"collection":[{"href":"https:\/\/rikstvatt.se\/bengtsfors\/wp-json\/wp\/v2\/pages"}],"about":[{"href":"https:\/\/rikstvatt.se\/bengtsfors\/wp-json\/wp\/v2\/types\/page"}],"author":[{"embeddable":true,"href":"https:\/\/rikstvatt.se\/bengtsfors\/wp-json\/wp\/v2\/users\/1"}],"replies":[{"embeddable":true,"href":"https:\/\/rikstvatt.se\/bengtsfors\/wp-json\/wp\/v2\/comments?post=1486"}],"version-history":[{"count":0,"href":"https:\/\/rikstvatt.se\/bengtsfors\/wp-json\/wp\/v2\/pages\/1486\/revisions"}],"wp:attachment":[{"href":"https:\/\/rikstvatt.se\/bengtsfors\/wp-json\/wp\/v2\/media?parent=1486"}],"curies":[{"name":"wp","href":"https:\/\/api.w.org\/{rel}","templated":true}]}}