{"id":149,"date":"2018-02-13T13:28:49","date_gmt":"2018-02-13T13:28:49","guid":{"rendered":"https:\/\/rikstvatt.se\/?page_id=149"},"modified":"2023-01-18T09:51:26","modified_gmt":"2023-01-18T09:51:26","slug":"restaurangklader","status":"publish","type":"page","link":"https:\/\/rikstvatt.se\/lima\/arbetsklader\/restaurangklader\/","title":{"rendered":"Restaurangkl\u00e4der"},"content":{"rendered":"","protected":false},"excerpt":{"rendered":"<p>Vi ser till att serveringspersonalen \u00e4r snyggt och propert kl\u00e4dda. Brodera in de anst\u00e4lldas namn p\u00e5 arbetskl\u00e4derna och matcha f\u00e4rgerna med ert varum\u00e4rke f\u00f6r ett professionellt intryck!<\/p>\n","protected":false},"author":1,"featured_media":1837,"parent":300,"menu_order":0,"comment_status":"closed","ping_status":"open","template":"","meta":{"wds_primary_groups":0,"footnotes":""},"class_list":["post-149","page","type-page","status-publish","has-post-thumbnail","hentry","groups-restaurang"],"_links":{"self":[{"href":"https:\/\/rikstvatt.se\/lima\/wp-json\/wp\/v2\/pages\/149","targetHints":{"allow":["GET"]}}],"collection":[{"href":"https:\/\/rikstvatt.se\/lima\/wp-json\/wp\/v2\/pages"}],"about":[{"href":"https:\/\/rikstvatt.se\/lima\/wp-json\/wp\/v2\/types\/page"}],"author":[{"embeddable":true,"href":"https:\/\/rikstvatt.se\/lima\/wp-json\/wp\/v2\/users\/1"}],"replies":[{"embeddable":true,"href":"https:\/\/rikstvatt.se\/lima\/wp-json\/wp\/v2\/comments?post=149"}],"version-history":[{"count":0,"href":"https:\/\/rikstvatt.se\/lima\/wp-json\/wp\/v2\/pages\/149\/revisions"}],"up":[{"embeddable":true,"href":"https:\/\/rikstvatt.se\/lima\/wp-json\/wp\/v2\/pages\/300"}],"wp:featuredmedia":[{"embeddable":true,"href":"https:\/\/rikstvatt.se\/lima\/wp-json\/wp\/v2\/media\/1837"}],"wp:attachment":[{"href":"https:\/\/rikstvatt.se\/lima\/wp-json\/wp\/v2\/media?parent=149"}],"curies":[{"name":"wp","href":"https:\/\/api.w.org\/{rel}","templated":true}]}}