{"id":1699,"date":"2021-04-29T13:03:14","date_gmt":"2021-04-29T13:03:14","guid":{"rendered":"https:\/\/rikstvatt.se\/lima\/?page_id=1699"},"modified":"2023-01-18T10:27:30","modified_gmt":"2023-01-18T10:27:30","slug":"jobba-hos-oss","status":"publish","type":"page","link":"https:\/\/rikstvatt.se\/lima\/jobba-hos-oss\/","title":{"rendered":"Jobba hos oss"},"content":{"rendered":"","protected":false},"excerpt":{"rendered":"<p>Lima Tv\u00e4tten AB arbetar med service av tv\u00e4tt och textilier som g\u00e5r ut p\u00e5 att snabbt, smidigt och enkelt leverera och underh\u00e5lla kundens tv\u00e4tt- och textilbehov med en bra och prisv\u00e4rd kvalit\u00e9t. Kunderna ska k\u00e4nna sig trygga i samarbetet med Lima Tv\u00e4tten AB.<\/p>\n","protected":false},"author":1,"featured_media":1798,"parent":0,"menu_order":0,"comment_status":"closed","ping_status":"open","template":"","meta":{"wds_primary_groups":0,"footnotes":""},"class_list":["post-1699","page","type-page","status-publish","has-post-thumbnail","hentry"],"_links":{"self":[{"href":"https:\/\/rikstvatt.se\/lima\/wp-json\/wp\/v2\/pages\/1699","targetHints":{"allow":["GET"]}}],"collection":[{"href":"https:\/\/rikstvatt.se\/lima\/wp-json\/wp\/v2\/pages"}],"about":[{"href":"https:\/\/rikstvatt.se\/lima\/wp-json\/wp\/v2\/types\/page"}],"author":[{"embeddable":true,"href":"https:\/\/rikstvatt.se\/lima\/wp-json\/wp\/v2\/users\/1"}],"replies":[{"embeddable":true,"href":"https:\/\/rikstvatt.se\/lima\/wp-json\/wp\/v2\/comments?post=1699"}],"version-history":[{"count":0,"href":"https:\/\/rikstvatt.se\/lima\/wp-json\/wp\/v2\/pages\/1699\/revisions"}],"wp:featuredmedia":[{"embeddable":true,"href":"https:\/\/rikstvatt.se\/lima\/wp-json\/wp\/v2\/media\/1798"}],"wp:attachment":[{"href":"https:\/\/rikstvatt.se\/lima\/wp-json\/wp\/v2\/media?parent=1699"}],"curies":[{"name":"wp","href":"https:\/\/api.w.org\/{rel}","templated":true}]}}