{"id":207,"date":"2018-02-17T15:42:34","date_gmt":"2018-02-17T15:42:34","guid":{"rendered":"https:\/\/rikstvatt.se\/?page_id=207"},"modified":"2022-10-26T11:29:03","modified_gmt":"2022-10-26T11:29:03","slug":"hyrservice","status":"publish","type":"page","link":"https:\/\/rikstvatt.se\/lima\/om-oss\/hyrservice\/","title":{"rendered":"V\u00e5r hyrservice"},"content":{"rendered":"","protected":false},"excerpt":{"rendered":"<p>Lima Tv\u00e4tten erbjuder textiluthyrning och tv\u00e4tt till verksamheter med h\u00f6gt st\u00e4llda krav p\u00e5 leveranss\u00e4kerhet, renhet och servicekvalitet.<\/p>\n","protected":false},"author":1,"featured_media":1796,"parent":198,"menu_order":0,"comment_status":"closed","ping_status":"open","template":"","meta":{"wds_primary_groups":0,"footnotes":""},"class_list":["post-207","page","type-page","status-publish","has-post-thumbnail","hentry","groups-restaurang","groups-industri","groups-livsmedel","groups-stad","groups-verkstad"],"_links":{"self":[{"href":"https:\/\/rikstvatt.se\/lima\/wp-json\/wp\/v2\/pages\/207","targetHints":{"allow":["GET"]}}],"collection":[{"href":"https:\/\/rikstvatt.se\/lima\/wp-json\/wp\/v2\/pages"}],"about":[{"href":"https:\/\/rikstvatt.se\/lima\/wp-json\/wp\/v2\/types\/page"}],"author":[{"embeddable":true,"href":"https:\/\/rikstvatt.se\/lima\/wp-json\/wp\/v2\/users\/1"}],"replies":[{"embeddable":true,"href":"https:\/\/rikstvatt.se\/lima\/wp-json\/wp\/v2\/comments?post=207"}],"version-history":[{"count":0,"href":"https:\/\/rikstvatt.se\/lima\/wp-json\/wp\/v2\/pages\/207\/revisions"}],"up":[{"embeddable":true,"href":"https:\/\/rikstvatt.se\/lima\/wp-json\/wp\/v2\/pages\/198"}],"wp:featuredmedia":[{"embeddable":true,"href":"https:\/\/rikstvatt.se\/lima\/wp-json\/wp\/v2\/media\/1796"}],"wp:attachment":[{"href":"https:\/\/rikstvatt.se\/lima\/wp-json\/wp\/v2\/media?parent=207"}],"curies":[{"name":"wp","href":"https:\/\/api.w.org\/{rel}","templated":true}]}}