{"id":268,"date":"2018-02-23T08:03:05","date_gmt":"2018-02-23T08:03:05","guid":{"rendered":"https:\/\/rikstvatt.se\/?page_id=268"},"modified":"2022-10-06T06:50:09","modified_gmt":"2022-10-06T06:50:09","slug":"policy","status":"publish","type":"page","link":"https:\/\/rikstvatt.se\/lima\/om-oss\/miljo-och-kvalitet\/policy\/","title":{"rendered":"Lima Tv\u00e4ttens policys"},"content":{"rendered":"","protected":false},"excerpt":{"rendered":"<p>V\u00e5r verksamhet ska bedrivas s\u00e5 att en h\u00e5llbar utveckling f\u00f6r milj\u00f6n fr\u00e4mjas, r\u00e4tt kvalitet p\u00e5 v\u00e5ra produkter och tj\u00e4nster ska s\u00e4kerst\u00e4llas och v\u00e5r verksamhet ska bedrivas med h\u00e4nsyn till den anst\u00e4lldes h\u00e4lsa och risker i arbetet.<\/p>\n","protected":false},"author":1,"featured_media":1808,"parent":227,"menu_order":0,"comment_status":"closed","ping_status":"open","template":"","meta":{"wds_primary_groups":0,"footnotes":""},"class_list":["post-268","page","type-page","status-publish","has-post-thumbnail","hentry"],"_links":{"self":[{"href":"https:\/\/rikstvatt.se\/lima\/wp-json\/wp\/v2\/pages\/268","targetHints":{"allow":["GET"]}}],"collection":[{"href":"https:\/\/rikstvatt.se\/lima\/wp-json\/wp\/v2\/pages"}],"about":[{"href":"https:\/\/rikstvatt.se\/lima\/wp-json\/wp\/v2\/types\/page"}],"author":[{"embeddable":true,"href":"https:\/\/rikstvatt.se\/lima\/wp-json\/wp\/v2\/users\/1"}],"replies":[{"embeddable":true,"href":"https:\/\/rikstvatt.se\/lima\/wp-json\/wp\/v2\/comments?post=268"}],"version-history":[{"count":0,"href":"https:\/\/rikstvatt.se\/lima\/wp-json\/wp\/v2\/pages\/268\/revisions"}],"up":[{"embeddable":true,"href":"https:\/\/rikstvatt.se\/lima\/wp-json\/wp\/v2\/pages\/227"}],"wp:featuredmedia":[{"embeddable":true,"href":"https:\/\/rikstvatt.se\/lima\/wp-json\/wp\/v2\/media\/1808"}],"wp:attachment":[{"href":"https:\/\/rikstvatt.se\/lima\/wp-json\/wp\/v2\/media?parent=268"}],"curies":[{"name":"wp","href":"https:\/\/api.w.org\/{rel}","templated":true}]}}