{"id":310,"date":"2018-02-27T14:24:35","date_gmt":"2018-02-27T14:24:35","guid":{"rendered":"https:\/\/rikstvatt.se\/?page_id=310"},"modified":"2023-01-18T08:31:56","modified_gmt":"2023-01-18T08:31:56","slug":"hotell-och-restaurangtextilier","status":"publish","type":"page","link":"https:\/\/rikstvatt.se\/lima\/hotell-och-restaurangtextilier\/","title":{"rendered":"Hotell- och restaurangtextilier"},"content":{"rendered":"","protected":false},"excerpt":{"rendered":"<p>N\u00e4r man kommer till ett hotell eller restaurang \u00e4r man ute efter den d\u00e4r lyxiga k\u00e4nslan. Med v\u00e5ra mjuka, snyggt vikta frott\u00e9handdukar och krispiga, rena lakan och exklusiva linneservetter och dukar g\u00f6r s\u00e5 att det \u00e4r just det bem\u00f6tandet era g\u00e4ster f\u00e5r!<\/p>\n","protected":false},"author":1,"featured_media":1817,"parent":0,"menu_order":0,"comment_status":"closed","ping_status":"open","template":"","meta":{"wds_primary_groups":0,"footnotes":""},"class_list":["post-310","page","type-page","status-publish","has-post-thumbnail","hentry","groups-restaurang"],"_links":{"self":[{"href":"https:\/\/rikstvatt.se\/lima\/wp-json\/wp\/v2\/pages\/310","targetHints":{"allow":["GET"]}}],"collection":[{"href":"https:\/\/rikstvatt.se\/lima\/wp-json\/wp\/v2\/pages"}],"about":[{"href":"https:\/\/rikstvatt.se\/lima\/wp-json\/wp\/v2\/types\/page"}],"author":[{"embeddable":true,"href":"https:\/\/rikstvatt.se\/lima\/wp-json\/wp\/v2\/users\/1"}],"replies":[{"embeddable":true,"href":"https:\/\/rikstvatt.se\/lima\/wp-json\/wp\/v2\/comments?post=310"}],"version-history":[{"count":0,"href":"https:\/\/rikstvatt.se\/lima\/wp-json\/wp\/v2\/pages\/310\/revisions"}],"wp:featuredmedia":[{"embeddable":true,"href":"https:\/\/rikstvatt.se\/lima\/wp-json\/wp\/v2\/media\/1817"}],"wp:attachment":[{"href":"https:\/\/rikstvatt.se\/lima\/wp-json\/wp\/v2\/media?parent=310"}],"curies":[{"name":"wp","href":"https:\/\/api.w.org\/{rel}","templated":true}]}}