{"id":326,"date":"2018-03-01T14:38:35","date_gmt":"2018-03-01T14:38:35","guid":{"rendered":"https:\/\/rikstvatt.se\/?page_id=326"},"modified":"2023-01-18T08:37:33","modified_gmt":"2023-01-18T08:37:33","slug":"baddtextilier","status":"publish","type":"page","link":"https:\/\/rikstvatt.se\/lima\/hotell-och-restaurangtextilier\/baddtextilier\/","title":{"rendered":"B\u00e4ddtextilier"},"content":{"rendered":"","protected":false},"excerpt":{"rendered":"<p>Vi erbjuder sk\u00f6na och komfortabla b\u00e4ddtextilier att sova gott i. Samtliga lakan, p\u00e5slakan och \u00f6rngott \u00e4r tillverkade i svalkande, snygga och stilrena material av h\u00f6gsta kvalitet. <\/p>\n","protected":false},"author":1,"featured_media":1824,"parent":310,"menu_order":0,"comment_status":"closed","ping_status":"open","template":"","meta":{"wds_primary_groups":0,"footnotes":""},"class_list":["post-326","page","type-page","status-publish","has-post-thumbnail","hentry","groups-restaurang"],"_links":{"self":[{"href":"https:\/\/rikstvatt.se\/lima\/wp-json\/wp\/v2\/pages\/326","targetHints":{"allow":["GET"]}}],"collection":[{"href":"https:\/\/rikstvatt.se\/lima\/wp-json\/wp\/v2\/pages"}],"about":[{"href":"https:\/\/rikstvatt.se\/lima\/wp-json\/wp\/v2\/types\/page"}],"author":[{"embeddable":true,"href":"https:\/\/rikstvatt.se\/lima\/wp-json\/wp\/v2\/users\/1"}],"replies":[{"embeddable":true,"href":"https:\/\/rikstvatt.se\/lima\/wp-json\/wp\/v2\/comments?post=326"}],"version-history":[{"count":0,"href":"https:\/\/rikstvatt.se\/lima\/wp-json\/wp\/v2\/pages\/326\/revisions"}],"up":[{"embeddable":true,"href":"https:\/\/rikstvatt.se\/lima\/wp-json\/wp\/v2\/pages\/310"}],"wp:featuredmedia":[{"embeddable":true,"href":"https:\/\/rikstvatt.se\/lima\/wp-json\/wp\/v2\/media\/1824"}],"wp:attachment":[{"href":"https:\/\/rikstvatt.se\/lima\/wp-json\/wp\/v2\/media?parent=326"}],"curies":[{"name":"wp","href":"https:\/\/api.w.org\/{rel}","templated":true}]}}