{"id":447,"date":"2018-03-05T20:07:42","date_gmt":"2018-03-05T20:07:42","guid":{"rendered":"https:\/\/rikstvatt.se\/?page_id=447"},"modified":"2022-10-05T13:56:44","modified_gmt":"2022-10-05T13:56:44","slug":"leverantorer","status":"publish","type":"page","link":"https:\/\/rikstvatt.se\/lima\/om-oss\/leverantorer\/","title":{"rendered":"Vi runt Lima Tv\u00e4tten"},"content":{"rendered":"","protected":false},"excerpt":{"rendered":"<p>Lima Tv\u00e4ttens personal \u00e4r duktiga, noggranna och professionella. V\u00e5r tekniska kompetens ger oss m\u00f6jlighet att leverera den mest f\u00f6rdelaktiga l\u00f6sningen f\u00f6r dig. <\/p>\n","protected":false},"author":1,"featured_media":1798,"parent":198,"menu_order":0,"comment_status":"closed","ping_status":"open","template":"","meta":{"wds_primary_groups":0,"footnotes":""},"class_list":["post-447","page","type-page","status-publish","has-post-thumbnail","hentry"],"_links":{"self":[{"href":"https:\/\/rikstvatt.se\/lima\/wp-json\/wp\/v2\/pages\/447","targetHints":{"allow":["GET"]}}],"collection":[{"href":"https:\/\/rikstvatt.se\/lima\/wp-json\/wp\/v2\/pages"}],"about":[{"href":"https:\/\/rikstvatt.se\/lima\/wp-json\/wp\/v2\/types\/page"}],"author":[{"embeddable":true,"href":"https:\/\/rikstvatt.se\/lima\/wp-json\/wp\/v2\/users\/1"}],"replies":[{"embeddable":true,"href":"https:\/\/rikstvatt.se\/lima\/wp-json\/wp\/v2\/comments?post=447"}],"version-history":[{"count":0,"href":"https:\/\/rikstvatt.se\/lima\/wp-json\/wp\/v2\/pages\/447\/revisions"}],"up":[{"embeddable":true,"href":"https:\/\/rikstvatt.se\/lima\/wp-json\/wp\/v2\/pages\/198"}],"wp:featuredmedia":[{"embeddable":true,"href":"https:\/\/rikstvatt.se\/lima\/wp-json\/wp\/v2\/media\/1798"}],"wp:attachment":[{"href":"https:\/\/rikstvatt.se\/lima\/wp-json\/wp\/v2\/media?parent=447"}],"curies":[{"name":"wp","href":"https:\/\/api.w.org\/{rel}","templated":true}]}}