{"id":616,"date":"2018-03-14T10:10:10","date_gmt":"2018-03-14T10:10:10","guid":{"rendered":"https:\/\/rikstvatt.se\/?page_id=616"},"modified":"2023-01-18T10:22:48","modified_gmt":"2023-01-18T10:22:48","slug":"micromix","status":"publish","type":"page","link":"https:\/\/rikstvatt.se\/lima\/mattor\/micromix\/","title":{"rendered":"Micromix matta"},"content":{"rendered":"","protected":false},"excerpt":{"rendered":"<p>Mattan Micromix \u00e4r en helt ny produkt med \u00f6verl\u00e4gsen upptagningsf\u00f6rm\u00e5ga av smuts och v\u00e4ta. I mattan kombineras nylon och microfiber, b\u00e5da tillverkade av 100% recycled textil.<\/p>\n","protected":false},"author":1,"featured_media":1886,"parent":349,"menu_order":0,"comment_status":"closed","ping_status":"open","template":"","meta":{"wds_primary_groups":0,"footnotes":""},"class_list":["post-616","page","type-page","status-publish","has-post-thumbnail","hentry","groups-restaurang","groups-stad"],"_links":{"self":[{"href":"https:\/\/rikstvatt.se\/lima\/wp-json\/wp\/v2\/pages\/616","targetHints":{"allow":["GET"]}}],"collection":[{"href":"https:\/\/rikstvatt.se\/lima\/wp-json\/wp\/v2\/pages"}],"about":[{"href":"https:\/\/rikstvatt.se\/lima\/wp-json\/wp\/v2\/types\/page"}],"author":[{"embeddable":true,"href":"https:\/\/rikstvatt.se\/lima\/wp-json\/wp\/v2\/users\/1"}],"replies":[{"embeddable":true,"href":"https:\/\/rikstvatt.se\/lima\/wp-json\/wp\/v2\/comments?post=616"}],"version-history":[{"count":0,"href":"https:\/\/rikstvatt.se\/lima\/wp-json\/wp\/v2\/pages\/616\/revisions"}],"up":[{"embeddable":true,"href":"https:\/\/rikstvatt.se\/lima\/wp-json\/wp\/v2\/pages\/349"}],"wp:featuredmedia":[{"embeddable":true,"href":"https:\/\/rikstvatt.se\/lima\/wp-json\/wp\/v2\/media\/1886"}],"wp:attachment":[{"href":"https:\/\/rikstvatt.se\/lima\/wp-json\/wp\/v2\/media?parent=616"}],"curies":[{"name":"wp","href":"https:\/\/api.w.org\/{rel}","templated":true}]}}