{"id":64,"date":"2018-01-12T14:34:51","date_gmt":"2018-01-12T14:34:51","guid":{"rendered":"https:\/\/rikstvatt.se\/?page_id=64"},"modified":"2022-10-11T07:20:05","modified_gmt":"2022-10-11T07:20:05","slug":"nyheter","status":"publish","type":"page","link":"https:\/\/rikstvatt.se\/lima\/nyheter\/","title":{"rendered":"Nyheter"},"content":{"rendered":"","protected":false},"excerpt":{"rendered":"<p>Lima Tv\u00e4tten erbjuder tv\u00e4tt och uthyrning av textilier f\u00f6r hotell, konferens och restaurang. L\u00e4s mer om vad som h\u00e4nder hos oss<\/p>\n","protected":false},"author":1,"featured_media":1796,"parent":0,"menu_order":0,"comment_status":"closed","ping_status":"open","template":"","meta":{"wds_primary_groups":0,"footnotes":""},"class_list":["post-64","page","type-page","status-publish","has-post-thumbnail","hentry"],"_links":{"self":[{"href":"https:\/\/rikstvatt.se\/lima\/wp-json\/wp\/v2\/pages\/64","targetHints":{"allow":["GET"]}}],"collection":[{"href":"https:\/\/rikstvatt.se\/lima\/wp-json\/wp\/v2\/pages"}],"about":[{"href":"https:\/\/rikstvatt.se\/lima\/wp-json\/wp\/v2\/types\/page"}],"author":[{"embeddable":true,"href":"https:\/\/rikstvatt.se\/lima\/wp-json\/wp\/v2\/users\/1"}],"replies":[{"embeddable":true,"href":"https:\/\/rikstvatt.se\/lima\/wp-json\/wp\/v2\/comments?post=64"}],"version-history":[{"count":0,"href":"https:\/\/rikstvatt.se\/lima\/wp-json\/wp\/v2\/pages\/64\/revisions"}],"wp:featuredmedia":[{"embeddable":true,"href":"https:\/\/rikstvatt.se\/lima\/wp-json\/wp\/v2\/media\/1796"}],"wp:attachment":[{"href":"https:\/\/rikstvatt.se\/lima\/wp-json\/wp\/v2\/media?parent=64"}],"curies":[{"name":"wp","href":"https:\/\/api.w.org\/{rel}","templated":true}]}}