{"id":727,"date":"2018-04-26T08:22:35","date_gmt":"2018-04-26T08:22:35","guid":{"rendered":"http:\/\/limatvatten.rikstvatt.se\/?page_id=727"},"modified":"2023-01-18T08:28:03","modified_gmt":"2023-01-18T08:28:03","slug":"historia","status":"publish","type":"page","link":"https:\/\/rikstvatt.se\/lima\/om-oss\/historia\/","title":{"rendered":"Lima Tv\u00e4ttens historia"},"content":{"rendered":"","protected":false},"excerpt":{"rendered":"<p>F\u00f6retaget startades redan i b\u00f6rjan av 1950-talet, som en andelstv\u00e4tt f\u00f6r byborna i Lima. De privata medlemmarna nyttjade tv\u00e4ttinr\u00e4ttningen f\u00f6r en mindre slant per g\u00e5ng, och snart attraherades \u00e4ven turistverksamheterna i omr\u00e5det.<\/p>\n","protected":false},"author":1,"featured_media":1794,"parent":198,"menu_order":0,"comment_status":"closed","ping_status":"open","template":"","meta":{"wds_primary_groups":0,"footnotes":""},"class_list":["post-727","page","type-page","status-publish","has-post-thumbnail","hentry"],"_links":{"self":[{"href":"https:\/\/rikstvatt.se\/lima\/wp-json\/wp\/v2\/pages\/727","targetHints":{"allow":["GET"]}}],"collection":[{"href":"https:\/\/rikstvatt.se\/lima\/wp-json\/wp\/v2\/pages"}],"about":[{"href":"https:\/\/rikstvatt.se\/lima\/wp-json\/wp\/v2\/types\/page"}],"author":[{"embeddable":true,"href":"https:\/\/rikstvatt.se\/lima\/wp-json\/wp\/v2\/users\/1"}],"replies":[{"embeddable":true,"href":"https:\/\/rikstvatt.se\/lima\/wp-json\/wp\/v2\/comments?post=727"}],"version-history":[{"count":0,"href":"https:\/\/rikstvatt.se\/lima\/wp-json\/wp\/v2\/pages\/727\/revisions"}],"up":[{"embeddable":true,"href":"https:\/\/rikstvatt.se\/lima\/wp-json\/wp\/v2\/pages\/198"}],"wp:featuredmedia":[{"embeddable":true,"href":"https:\/\/rikstvatt.se\/lima\/wp-json\/wp\/v2\/media\/1794"}],"wp:attachment":[{"href":"https:\/\/rikstvatt.se\/lima\/wp-json\/wp\/v2\/media?parent=727"}],"curies":[{"name":"wp","href":"https:\/\/api.w.org\/{rel}","templated":true}]}}